{"id":13,"date":"2026-05-05T09:47:21","date_gmt":"2026-05-05T09:47:21","guid":{"rendered":"https:\/\/brian.helvetinperuna.fi\/?page_id=13"},"modified":"2026-05-06T22:01:25","modified_gmt":"2026-05-06T22:01:25","slug":"keikat","status":"publish","type":"page","link":"https:\/\/brian.helvetinperuna.fi\/","title":{"rendered":"Keikat"},"content":{"rendered":"\n<p>PE 15.5.2026 Yl\u00e4kaupungin Y\u00f6, Ilokivi Venue, Jyv\u00e4skyl\u00e4 (vapaa p\u00e4\u00e4sy!)<\/p>\n\n\n\n<p>PE 17.7.2026 Popkatu-klubi, Kerubi, Joensuu<\/p>\n\n\n\n<p>PE 24.7.2026 TBA<\/p>\n\n\n\n<p>LA 15.8.2026 <a href=\"https:\/\/www.tiketti.fi\/absoluuttinen-nollapiste-brian-tavara-asema-tampere-lippuja\/116900\" data-type=\"link\" data-id=\"https:\/\/www.tiketti.fi\/absoluuttinen-nollapiste-brian-tavara-asema-tampere-lippuja\/116900\" target=\"_blank\" rel=\"noreferrer noopener\">Tavara-asema, Tampere (kera Absoluuttisen Nollapisteen)<\/a><\/p>\n\n\n\n<p>LA 29.8.2026 TBA<\/p>\n\n\n\n<p>TO 3.9.2026 <a href=\"https:\/\/www.tiketti.fi\/brian-10v-tavastia-klubi-helsinki-lippuja\/116747\" target=\"_blank\" rel=\"noreferrer noopener\">Tavastia, Helsinki (Brian 10 v. -keikka)<\/a><\/p>\n\n\n\n<p>PE 9.10.2026 <a href=\"https:\/\/cluby.com\/fuusio\/events\/brian-10v-livesali\/VENUE_EVENT_0we8j71_b14e8ra\" data-type=\"link\" data-id=\"https:\/\/cluby.com\/fuusio\/events\/brian-10v-livesali\/VENUE_EVENT_0we8j71_b14e8ra\">Fuusio (Livesali), Turku (Brian 10 v. -keikka)<\/a><\/p>\n\n\n\n<div style=\"height:30px\" aria-hidden=\"true\" class=\"wp-block-spacer\"><\/div>\n\n\n\n<p>Keikkakyselyt: brian@helvetinperuna.fi <\/p>\n\n\n\n<p>Haastattelut ja muut: Kari Hynninen \/ KHY Suomen Musiikki Oy, khykari@gmail.com <\/p>\n\n\n\n<hr class=\"wp-block-separator has-alpha-channel-opacity\"\/>\n\n\n\n<h2 class=\"wp-block-heading\">Menneet keikat<\/h2>\n\n\n\n<p>KE 31.12.2025 T\u00e4pin\u00e4t, Torvi, Lahti<\/p>\n\n\n\n<p>PE 21.11.2025 Pinnan alla -klubi, Vernissa, Vantaa<\/p>\n\n\n\n<p>LA 8.11.2025 V\u00e4litiloissa-festivaali, Helsinki (vapaa p\u00e4\u00e4sy)<\/p>\n\n\n\n<p>KE 15.10.2025 ATK-YTP, Ilona, Tampere (yksityistilaisuus)<\/p>\n\n\n\n<p>LA 11.10.2025 Ant Brew, Lahti (vapaa p\u00e4\u00e4sy)<\/p>\n\n\n\n<p>PE 10.10.2025 Telakka, Tampere (SOLD OUT)<\/p>\n\n\n\n<p>PE 3.10.2025 Bar \u00d6, Turku (duo) (SOLD OUT)<\/p>\n\n\n\n<p>LA 27.9.2025 Semifinal, Helsinki (SOLD OUT)<\/p>\n\n\n\n<p>PE 26.9.2025 Semifinal, Helsinki (SOLD OUT)<\/p>\n\n\n\n<p>PE 25.7.2025 Rantakahvila Juho Kusti, Turku<\/p>\n\n\n\n<p>LA 12.7.2025 \u00c4\u00e4niradalla-festivaali, Jokelan Tiilitehdas, Tuusula<\/p>\n\n\n\n<p>LA 10.5.2025 Pub 23, Kouvola<\/p>\n\n\n\n<p>PE 21.3.2025 KULT, Kulttuuritalo, Helsinki<\/p>\n\n\n\n<p><\/p>\n\n\n\n<p>PE 20.12.2024 Bar Loose, Helsinki<\/p>\n\n\n\n<p>LA 16.11.2024 KUMMA, Kupla, Espoo<\/p>\n\n\n\n<p>LA 26.10.2024 Nirvana, Turku<\/p>\n\n\n\n<p>PE 25.10.2024 Telakka, Tampere<\/p>\n\n\n\n<p>PE 18.10.2024 Poppari, Jyv\u00e4skyl\u00e4<\/p>\n\n\n\n<p>TO 10.10.2024 On The Rocks, Helsinki<\/p>\n\n\n\n<p>LA 31.8.2024 Indie-aukio, Tapiolan kulttuuriaukio, Espoo<\/p>\n\n\n\n<p>PE 30.8.2024 Espan lava, Helsinki<\/p>\n\n\n\n<p>LA 24.8.2024 Lampirockin jatkot, Tiilitehdas, Tuusula<\/p>\n\n\n\n<p>PE 9.8.2024 Vantaan Kes\u00e4lava, Vantaa<\/p>\n\n\n\n<p>LA 3.8.2024 Hein\u00e4veden muinaisviikko, Hein\u00e4vesi<\/p>\n\n\n\n<p>PE 5.7.2024 Kuudes Linja, Helsinki<\/p>\n\n\n\n<p>LA 25.5.2024 Kumpulan kyl\u00e4juhlat, Helsinki<\/p>\n\n\n\n<p>LA 16.3.2024 Vastavirta-klubi, Tampere<\/p>\n\n\n\n<p>PE 15.3.2024 Semifinal, Helsinki&nbsp;(levynjulkaisukeikka, SOLD OUT)<\/p>\n\n\n\n<p>TO 14.3.2024 Nirvana, Turku<\/p>\n\n\n\n<p><\/p>\n\n\n\n<p>LA 22.4.2023 Semifinal Helsinki&nbsp;(Levynjulkaisukeikka)<\/p>\n\n\n\n<p>TO 9.2.2023 Helatorstaiklubi, Villi W\u00e4in\u00f6, Helsinki<\/p>\n\n\n\n<p><\/p>\n\n\n\n<p>TO 15.12.2022 Lepakkomies, Helsinki<\/p>\n\n\n\n<p>PE 26.8.2022 Bar Loose, Helsinki<\/p>\n\n\n\n<p>LA 9.7.2022 Konnarock, Sysm\u00e4<\/p>\n\n\n\n<p>TO 14.4.2022 Bar Loose, Helsinki<\/p>\n\n\n\n<p><\/p>\n\n\n\n<p>LA 3.7.2021 Ravintola Torvi, Lahti<\/p>\n\n\n\n<p>PE 2.7.2021 Bar Loose, Helsinki<\/p>\n\n\n\n<p><\/p>\n\n\n\n<p>PE 26.6.2020 Bar Loose, Helsinki<\/p>\n\n\n\n<p>LA 30.5.2020 Kotosohvalive, Youtube<\/p>\n\n\n\n<p>KE 29.1.2020 Lepakkomies, Helsinki<\/p>\n\n\n\n<p><\/p>\n\n\n\n<p>TO 22.8.2019 Helatorstaiklubi, Henry&#8217;s Pub, Helsinki<\/p>\n\n\n\n<p>PE 22.2.2019 MDNGT, Hyvink\u00e4\u00e4<\/p>\n\n\n\n<p>TO 24.1.2019 Semifinal, Helsinki<\/p>\n\n\n\n<p><\/p>\n\n\n\n<p>TI 16.10.2018 Mascot, Helsinki (BRIANWAVE SPECIAL)<\/p>\n\n\n\n<p>PE 28.9.2018 Lepakkomies, Helsinki<\/p>\n\n\n\n<p>LA 15.9.2018 Maailman pienin festari, Turenki<\/p>\n\n\n\n<p>LA 11.8.2018&nbsp;Reposf\u00e4\u00e4ri, Pori<\/p>\n\n\n\n<p>PE 13.7.2018 Bar Loose, Helsinki<\/p>\n\n\n\n<p>LA 5.5.2018 Semifinal, Helsinki<\/p>\n\n\n\n<p><\/p>\n\n\n\n<p>TO 28.9.2017 Bar Loose, Helsinki<\/p>\n\n\n\n<p>LA 22.4.2017 Virgin Oil, Helsinki (Olavi Uusivirran l\u00e4mpp\u00e4rin\u00e4)<\/p>\n\n\n\n<p>PE 31.3.2017 Perjantaisirkus, On the Rocks, Helsinki<\/p>\n\n\n\n<p>TO 5.1.2017 Helatorstaiklubi, Henry&#8217;s Pub, Helsinki<\/p>\n\n\n\n<p>LA 3.12.2016 Yksityistilaisuus, Helsinki<\/p>\n\n\n\n<p>TO 1.12.2016 Lepakkomies, Helsinki<\/p>\n\n\n\n<p>KE 30.11.2016 Bar Loose, Helsinki<\/p>\n\n\n\n<p>KE 26.10.2016 Lepakkomies, Helsinki&nbsp;(levynjulkaisukeikka)<\/p>\n","protected":false},"excerpt":{"rendered":"<p>PE 15.5.2026 Yl\u00e4kaupungin Y\u00f6, Ilokivi Venue, Jyv\u00e4skyl\u00e4 (vapaa p\u00e4\u00e4sy!) PE 17.7.2026 Popkatu-klubi, Kerubi, Joensuu PE 24.7.2026 TBA LA 15.8.2026 Tavara-asema, Tampere (kera Absoluuttisen Nollapisteen) LA 29.8.2026 TBA TO 3.9.2026 Tavastia, Helsinki (Brian 10 v. -keikka) PE 9.10.2026 Fuusio (Livesali), Turku (Brian 10 v. -keikka) Keikkakyselyt: brian@helvetinperuna.fi Haastattelut ja muut: Kari Hynninen \/ KHY Suomen Musiikki [&hellip;]<\/p>\n","protected":false},"author":1,"featured_media":0,"parent":0,"menu_order":0,"comment_status":"closed","ping_status":"closed","template":"","meta":{"footnotes":""},"class_list":["post-13","page","type-page","status-publish","hentry"],"_links":{"self":[{"href":"https:\/\/brian.helvetinperuna.fi\/index.php\/wp-json\/wp\/v2\/pages\/13","targetHints":{"allow":["GET"]}}],"collection":[{"href":"https:\/\/brian.helvetinperuna.fi\/index.php\/wp-json\/wp\/v2\/pages"}],"about":[{"href":"https:\/\/brian.helvetinperuna.fi\/index.php\/wp-json\/wp\/v2\/types\/page"}],"author":[{"embeddable":true,"href":"https:\/\/brian.helvetinperuna.fi\/index.php\/wp-json\/wp\/v2\/users\/1"}],"replies":[{"embeddable":true,"href":"https:\/\/brian.helvetinperuna.fi\/index.php\/wp-json\/wp\/v2\/comments?post=13"}],"version-history":[{"count":10,"href":"https:\/\/brian.helvetinperuna.fi\/index.php\/wp-json\/wp\/v2\/pages\/13\/revisions"}],"predecessor-version":[{"id":41,"href":"https:\/\/brian.helvetinperuna.fi\/index.php\/wp-json\/wp\/v2\/pages\/13\/revisions\/41"}],"wp:attachment":[{"href":"https:\/\/brian.helvetinperuna.fi\/index.php\/wp-json\/wp\/v2\/media?parent=13"}],"curies":[{"name":"wp","href":"https:\/\/api.w.org\/{rel}","templated":true}]}}