{"id":2,"date":"2026-05-05T10:11:20","date_gmt":"2026-05-05T10:11:20","guid":{"rendered":"https:\/\/brian.helvetinperuna.fi\/?page_id=2"},"modified":"2026-05-05T10:11:20","modified_gmt":"2026-05-05T10:11:20","slug":"sample-page","status":"publish","type":"page","link":"https:\/\/brian.helvetinperuna.fi\/index.php\/sample-page\/","title":{"rendered":"Biografia"},"content":{"rendered":"\n<p><strong>Kata Laakson<\/strong> ja <strong>Miro Palokallion<\/strong> muodostama duo her\u00e4tti huomiota heti perustamisensa j\u00e4lkeen, kun se sai levytyssopimuksen muutaman Soundcloud-julkaisun perusteella ja onnistui karkottamaan jakelijansa ennen levyn julkaisua albumin nimen takia. Esikoisalbumi <em>Rantalomalle Syyriaan<\/em> ilmestyi kuitenkin lokakuussa 2016, ja siit\u00e4 on sittemmin tullut modernin ironiapunkin t\u00e4rkein klassikkoteos. Lukuisten vaiheiden j\u00e4lkeen yhtyeen toinen albumi <em>Viime aikoina minulla on ollut jotenkin alakuloinen olo<\/em> ilmestyi kev\u00e4\u00e4ll\u00e4 2023 ja kolmas, kriitikoiden ylist\u00e4m\u00e4 <em>Ei tunnu kipua en\u00e4\u00e4 <\/em>vuotta my\u00f6hemmin. Yhtyeen nelj\u00e4s albumi, <em>Kultakausi<\/em>, julkaistiin syyskuussa 2025. Julkaisukiertueen keikat Helsingiss\u00e4 (2 kpl), Tampereella ja Turussa myytiin loppuun. Vuonna 2026 Brian viett\u00e4\u00e4 kymmenvuotisjuhliaan julkaisemalla kokoelmalevyn <em>Brian&#8217;s Best<\/em> ja juhlavinyylin debyyttialbumistaan sek\u00e4 soittamalla juhlakeikkoja, joista suurin on Helsingin Tavastialla 3.9.<\/p>\n\n\n\n<p><\/p>\n","protected":false},"excerpt":{"rendered":"<p>Kata Laakson ja Miro Palokallion muodostama duo her\u00e4tti huomiota heti perustamisensa j\u00e4lkeen, kun se sai levytyssopimuksen muutaman Soundcloud-julkaisun perusteella ja onnistui karkottamaan jakelijansa ennen levyn julkaisua albumin nimen takia. Esikoisalbumi Rantalomalle Syyriaan ilmestyi kuitenkin lokakuussa 2016, ja siit\u00e4 on sittemmin tullut modernin ironiapunkin t\u00e4rkein klassikkoteos. Lukuisten vaiheiden j\u00e4lkeen yhtyeen toinen albumi Viime aikoina minulla on [&hellip;]<\/p>\n","protected":false},"author":1,"featured_media":0,"parent":0,"menu_order":0,"comment_status":"closed","ping_status":"open","template":"","meta":{"footnotes":""},"class_list":["post-2","page","type-page","status-publish","hentry"],"_links":{"self":[{"href":"https:\/\/brian.helvetinperuna.fi\/index.php\/wp-json\/wp\/v2\/pages\/2","targetHints":{"allow":["GET"]}}],"collection":[{"href":"https:\/\/brian.helvetinperuna.fi\/index.php\/wp-json\/wp\/v2\/pages"}],"about":[{"href":"https:\/\/brian.helvetinperuna.fi\/index.php\/wp-json\/wp\/v2\/types\/page"}],"author":[{"embeddable":true,"href":"https:\/\/brian.helvetinperuna.fi\/index.php\/wp-json\/wp\/v2\/users\/1"}],"replies":[{"embeddable":true,"href":"https:\/\/brian.helvetinperuna.fi\/index.php\/wp-json\/wp\/v2\/comments?post=2"}],"version-history":[{"count":1,"href":"https:\/\/brian.helvetinperuna.fi\/index.php\/wp-json\/wp\/v2\/pages\/2\/revisions"}],"predecessor-version":[{"id":23,"href":"https:\/\/brian.helvetinperuna.fi\/index.php\/wp-json\/wp\/v2\/pages\/2\/revisions\/23"}],"wp:attachment":[{"href":"https:\/\/brian.helvetinperuna.fi\/index.php\/wp-json\/wp\/v2\/media?parent=2"}],"curies":[{"name":"wp","href":"https:\/\/api.w.org\/{rel}","templated":true}]}}